{"id":27460,"date":"2026-03-08T12:15:44","date_gmt":"2026-03-08T12:15:44","guid":{"rendered":"https:\/\/albanian-american-institute.org\/?page_id=27460"},"modified":"2026-03-08T15:00:46","modified_gmt":"2026-03-08T15:00:46","slug":"hyrje","status":"publish","type":"page","link":"https:\/\/albanian-american-institute.org\/sq\/hyrje\/","title":{"rendered":"Hyrje"},"content":{"rendered":"\t\t<div data-elementor-type=\"wp-page\" data-elementor-id=\"27460\" class=\"elementor elementor-27460\" data-elementor-post-type=\"page\">\n\t\t\t\t\t\t<section class=\"elementor-section elementor-top-section elementor-element elementor-element-f24f818 elementor-section-full_width elementor-section-height-default elementor-section-height-default\" data-id=\"f24f818\" data-element_type=\"section\" data-e-type=\"section\">\n\t\t\t\t\t\t<div class=\"elementor-container elementor-column-gap-no\">\n\t\t\t\t\t<div class=\"elementor-column elementor-col-100 elementor-top-column elementor-element elementor-element-fad1bb8\" data-id=\"fad1bb8\" data-element_type=\"column\" data-e-type=\"column\">\n\t\t\t<div class=\"elementor-widget-wrap elementor-element-populated\">\n\t\t\t\t\t\t<div class=\"elementor-element elementor-element-4cb9007 elementor-widget elementor-widget-slider_revolution\" data-id=\"4cb9007\" data-element_type=\"widget\" data-e-type=\"widget\" data-widget_type=\"slider_revolution.default\">\n\t\t\t\t\t\n\t\t<div class=\"wp-block-themepunch-revslider\">\n\t\t\t\t<p class=\"rs-p-wp-fix\"><\/p>\n\t\t\t\t<sr7-module data-alias=\"deeds-13\" data-id=\"11\" id=\"SR7_11_1\" class=\"rs-ov-hidden\" data-version=\"6.7.25\">\n\t\t\t\t\t<sr7-adjuster><\/sr7-adjuster>\n\t\t\t\t\t<sr7-content>\n\t\t\t\t\t\t<sr7-slide id=\"SR7_11_1-27\" data-key=\"27\">\n\t\t\t\t\t\t\t<sr7-bg id=\"SR7_11_1-27-6\" class=\"sr7-layer\"><noscript><img decoding=\"async\" src=\"https:\/\/albanian-american-institute.org\/wp-content\/uploads\/2026\/03\/background-main-scaled.png\" alt=\"\" title=\"background-main\"><\/noscript><\/sr7-bg>\n\t\t\t\t\t\t\t<sr7-txt id=\"SR7_11_1-27-1\" class=\"sr7-layer\">New Elevation  to deeds?<\/sr7-txt>\n\t\t\t\t\t\t\t<sr7-txt id=\"SR7_11_1-27-2\" class=\"sr7-layer\">A Place to Grow in Faith\n<\/sr7-txt>\n\t\t\t\t\t\t\t<sr7-txt id=\"SR7_11_1-27-3\" class=\"sr7-layer\"> and Community.<\/sr7-txt>\n\t\t\t\t\t\t\t<a id=\"SR7_11_1-27-5\" class=\"sr7-layer\" href=\"\/sq\/antaresohu\/\" target=\"_self\">Antar\u00ebsohu<\/a>\n\t\t\t\t\t\t<\/sr7-slide>\n\t\t\t\t\t\t<sr7-slide id=\"SR7_11_1-28\" data-key=\"28\">\n\t\t\t\t\t\t<\/sr7-slide>\n\t\t\t\t\t<\/sr7-content>\n\t\t\t\t\t<image_lists style=\"display:none\">\n\t\t\t\t\t\t<img data-src=\"\/\/albanian-american-institute.org\/wp-content\/uploads\/2026\/03\/background-main-scaled.png\" data-libid=\"27081\" data-lib=\"medialibrary\" title=\"background-main\" width=\"0\" height=\"0\" data-dbsrc=\"Ly9hbGJhbmlhbi1hbWVyaWNhbi1pbnN0aXR1dGUub3JnL3dwLWNvbnRlbnQvdXBsb2Fkcy8yMDI2LzAzL2JhY2tncm91bmQtbWFpbi1zY2FsZWQucG5n\"\/>\n\t\t\t\t\t<\/image_lists>\n\t\t\t\t<\/sr7-module>\n\t\t\t\t<script>\n\t\t\t\t\tSR7.PMH ??={}; SR7.PMH[\"SR7_11_1\"] = {cn:100,state:false,fn: function() { if (_tpt!==undefined && _tpt.prepareModuleHeight !== undefined) {  _tpt.prepareModuleHeight({id:\"SR7_11_1\",el:[500,500,768,580,400],type:'standard',shdw:'0',gh:[500,500,500,580,400],gw:[1366,1366,1024,778,480],vpt:['-100px&#039;,&#039;-100px&#039;,&#039;-100px&#039;,&#039;-100px&#039;,&#039;-100px'],size:{fullWidth:true, fullHeight:false},mh:'0',onh:0,onw:0,bg:{color:'{\"orig\":\"transparent\",\"type\":\"solid\",\"string\":\"transparent\"}'},plType:'-1',plColor:'#FFFFFF'});   SR7.PMH[\"SR7_11_1\"].state=true;} else if(SR7.PMH[\"SR7_11_1\"].cn-->0)\tsetTimeout( SR7.PMH[\"SR7_11_1\"].fn,19);}};SR7.PMH[\"SR7_11_1\" ].fn();\n\t\t\t\t<\/script>\n<\/div>\n\n\t\t\t\t\t\t<\/div>\n\t\t\t\t\t<\/div>\n\t\t<\/div>\n\t\t\t\t\t<\/div>\n\t\t<\/section>\n\t\t<div class=\"elementor-element elementor-element-6ee02bb e-flex e-con-boxed e-con e-parent\" data-id=\"6ee02bb\" data-element_type=\"container\" data-e-type=\"container\">\n\t\t\t\t\t<div class=\"e-con-inner\">\n\t\t<div class=\"elementor-element elementor-element-c1f0b95 e-con-full e-flex e-con e-child\" data-id=\"c1f0b95\" data-element_type=\"container\" data-e-type=\"container\">\n\t\t\t\t<div class=\"elementor-element elementor-element-ad418fb elementor-widget elementor-widget-heading\" data-id=\"ad418fb\" data-element_type=\"widget\" data-e-type=\"widget\" data-widget_type=\"heading.default\">\n\t\t\t\t\t<p class=\"elementor-heading-title elementor-size-default\">Albanian American Institute - Instituti Shqiptaro Amerikan \n\u200b<\/p>\t\t\t\t<\/div>\n\t\t\t\t<div class=\"elementor-element elementor-element-8906883 elementor-widget-mobile__width-initial elementor-widget elementor-widget-heading\" data-id=\"8906883\" data-element_type=\"widget\" data-e-type=\"widget\" data-widget_type=\"heading.default\">\n\t\t\t\t\t<h2 class=\"elementor-heading-title elementor-size-default\">Formimi i t\u00eb ardhmes s\u00eb atdheut dhe diaspor\u00ebs.<\/h2>\t\t\t\t<\/div>\n\t\t\t\t<\/div>\n\t\t<div class=\"elementor-element elementor-element-6aa1fa1 e-con-full e-flex e-con e-child\" data-id=\"6aa1fa1\" data-element_type=\"container\" data-e-type=\"container\">\n\t\t\t\t<div class=\"elementor-element elementor-element-42cdad6 elementor-widget elementor-widget-heading\" data-id=\"42cdad6\" data-element_type=\"widget\" data-e-type=\"widget\" data-widget_type=\"heading.default\">\n\t\t\t\t\t<p class=\"elementor-heading-title elementor-size-default\">Diskutime kulturore, t\u00eb avokimit, sociale dhe ekonomike, politike q\u00eb marrin pjes\u00eb n\u00eb konsultime publike dhe bashk\u00ebpunojn\u00eb me politik\u00ebb\u00ebr\u00ebsit p\u00ebr t\u00eb siguruar q\u00eb perspektiva shqiptare t\u00eb p\u00ebrfshihet n\u00eb vendimet q\u00eb ndikojn\u00eb n\u00eb komunitetet e atdheut dhe diaspor\u00ebs.<\/p>\t\t\t\t<\/div>\n\t\t\t\t<\/div>\n\t\t\t\t\t<\/div>\n\t\t\t\t<\/div>\n\t\t<div class=\"elementor-element elementor-element-ce64ead e-flex e-con-boxed e-con e-parent\" data-id=\"ce64ead\" data-element_type=\"container\" data-e-type=\"container\">\n\t\t\t\t\t<div class=\"e-con-inner\">\n\t\t\t\t<div class=\"elementor-element elementor-element-7d91df5 elementor-widget__width-auto elementor-widget elementor-widget-heading\" data-id=\"7d91df5\" data-element_type=\"widget\" data-e-type=\"widget\" data-widget_type=\"heading.default\">\n\t\t\t\t\t<h2 class=\"elementor-heading-title elementor-size-default\">Lajmet e Fundit\n <\/h2>\t\t\t\t<\/div>\n\t\t\t\t\t<\/div>\n\t\t\t\t<\/div>\n\t\t<div class=\"elementor-element elementor-element-daa9720 e-flex e-con-boxed e-con e-parent\" data-id=\"daa9720\" data-element_type=\"container\" data-e-type=\"container\" data-settings=\"{&quot;background_background&quot;:&quot;classic&quot;}\">\n\t\t\t\t\t<div class=\"e-con-inner\">\n\t\t<div class=\"elementor-element elementor-element-4a8a234 e-con-full e-flex e-con e-child\" data-id=\"4a8a234\" data-element_type=\"container\" data-e-type=\"container\">\n\t\t\t\t<div class=\"elementor-element elementor-element-cfdcec0 elementor-widget elementor-widget-image\" data-id=\"cfdcec0\" data-element_type=\"widget\" data-e-type=\"widget\" data-widget_type=\"image.default\">\n\t\t\t\t\t\t\t\t\t\t\t\t\t\t\t<img fetchpriority=\"high\" decoding=\"async\" width=\"300\" height=\"300\" src=\"https:\/\/albanian-american-institute.org\/wp-content\/uploads\/2019\/09\/logo-300x300.png\" class=\"attachment-medium size-medium wp-image-26984\" alt=\"\" srcset=\"https:\/\/albanian-american-institute.org\/wp-content\/uploads\/2019\/09\/logo-300x300.png 300w, https:\/\/albanian-american-institute.org\/wp-content\/uploads\/2019\/09\/logo-100x100.png 100w, https:\/\/albanian-american-institute.org\/wp-content\/uploads\/2019\/09\/logo-600x602.png 600w, https:\/\/albanian-american-institute.org\/wp-content\/uploads\/2019\/09\/logo-150x150.png 150w, https:\/\/albanian-american-institute.org\/wp-content\/uploads\/2019\/09\/logo.png 687w\" sizes=\"(max-width: 300px) 100vw, 300px\" \/>\t\t\t\t\t\t\t\t\t\t\t\t\t\t\t<\/div>\n\t\t<div class=\"elementor-element elementor-element-b4ad794 e-con-full e-flex e-con e-child\" data-id=\"b4ad794\" data-element_type=\"container\" data-e-type=\"container\" data-settings=\"{&quot;background_background&quot;:&quot;classic&quot;,&quot;position&quot;:&quot;absolute&quot;}\">\n\t\t\t\t<div class=\"elementor-element elementor-element-a4c55d3 elementor-hidden-mobile elementor-hidden-desktop elementor-hidden-tablet elementor-widget elementor-widget-heading\" data-id=\"a4c55d3\" data-element_type=\"widget\" data-e-type=\"widget\" data-widget_type=\"heading.default\">\n\t\t\t\t\t<h2 class=\"elementor-heading-title elementor-size-default\">Since<br>\n<span>2026<\/span><\/h2>\t\t\t\t<\/div>\n\t\t\t\t<div class=\"elementor-element elementor-element-5f9310a move-image elementor-hidden-desktop elementor-hidden-tablet elementor-hidden-mobile elementor-widget elementor-widget-image\" data-id=\"5f9310a\" data-element_type=\"widget\" data-e-type=\"widget\" data-widget_type=\"image.default\">\n\t\t\t\t\t\t\t\t\t\t\t\t\t\t\t<img decoding=\"async\" width=\"687\" height=\"689\" src=\"https:\/\/albanian-american-institute.org\/wp-content\/uploads\/2019\/09\/logo.png\" class=\"attachment-full size-full wp-image-26984\" alt=\"\" srcset=\"https:\/\/albanian-american-institute.org\/wp-content\/uploads\/2019\/09\/logo.png 687w, https:\/\/albanian-american-institute.org\/wp-content\/uploads\/2019\/09\/logo-300x300.png 300w, https:\/\/albanian-american-institute.org\/wp-content\/uploads\/2019\/09\/logo-100x100.png 100w, https:\/\/albanian-american-institute.org\/wp-content\/uploads\/2019\/09\/logo-600x602.png 600w, https:\/\/albanian-american-institute.org\/wp-content\/uploads\/2019\/09\/logo-150x150.png 150w\" sizes=\"(max-width: 687px) 100vw, 687px\" \/>\t\t\t\t\t\t\t\t\t\t\t\t\t\t\t<\/div>\n\t\t\t\t<\/div>\n\t\t\t\t<\/div>\n\t\t<div class=\"elementor-element elementor-element-585dcd9 e-con-full e-flex e-con e-child\" data-id=\"585dcd9\" data-element_type=\"container\" data-e-type=\"container\">\n\t\t\t\t<div class=\"elementor-element elementor-element-8a1bf46 elementor-widget elementor-widget-heading\" data-id=\"8a1bf46\" data-element_type=\"widget\" data-e-type=\"widget\" data-widget_type=\"heading.default\">\n\t\t\t\t\t<span class=\"elementor-heading-title elementor-size-default\">Antar\u00ebsohu\n<\/span>\t\t\t\t<\/div>\n\t\t\t\t<div class=\"elementor-element elementor-element-2105686 elementor-widget-mobile__width-initial elementor-widget elementor-widget-heading\" data-id=\"2105686\" data-element_type=\"widget\" data-e-type=\"widget\" data-widget_type=\"heading.default\">\n\t\t\t\t\t<h2 class=\"elementor-heading-title elementor-size-default\">Albanian American Institute - Instituti Shqiptaro Amerikan \n<\/h2>\t\t\t\t<\/div>\n\t\t\t\t<div class=\"elementor-element elementor-element-0abc88c elementor-widget elementor-widget-heading\" data-id=\"0abc88c\" data-element_type=\"widget\" data-e-type=\"widget\" data-widget_type=\"heading.default\">\n\t\t\t\t\t<h5 class=\"elementor-heading-title elementor-size-default\">Bashkohuni me komunitetin m\u00eb t\u00eb madh shqiptar n\u00eb Shtetet e Bashkuara t\u00eb Amerik\u00ebs\n\n\n<\/h5>\t\t\t\t<\/div>\n\t\t\t\t<div class=\"elementor-element elementor-element-b0577b9 elementor-hidden-desktop elementor-hidden-tablet elementor-hidden-mobile elementor-widget elementor-widget-heading\" data-id=\"b0577b9\" data-element_type=\"widget\" data-e-type=\"widget\" data-widget_type=\"heading.default\">\n\t\t\t\t\t<p class=\"elementor-heading-title elementor-size-default\">Lorem ipsum dolor sit amet, consectetur adipiscing elit. Integer nec odio. Praesent libero. Sed cursus ante dapibus diam. Sed nisi. Nulla quis sem at nibh elementum imperdiet. Duis sagittis ipsum. Praesent mauris. Fusce nec tellus sed.\n\n<\/p>\t\t\t\t<\/div>\n\t\t\t\t<div class=\"elementor-element elementor-element-0476852 elementor-widget elementor-widget-button\" data-id=\"0476852\" data-element_type=\"widget\" data-e-type=\"widget\" data-widget_type=\"button.default\">\n\t\t\t\t\t\t\t\t\t\t<a class=\"elementor-button elementor-button-link elementor-size-sm\" href=\"\/sq\/antaresohu\/\">\n\t\t\t\t\t\t<span class=\"elementor-button-content-wrapper\">\n\t\t\t\t\t\t<span class=\"elementor-button-icon\">\n\t\t\t\t<svg aria-hidden=\"true\" class=\"e-font-icon-svg e-fas-arrow-right\" viewBox=\"0 0 448 512\" xmlns=\"http:\/\/www.w3.org\/2000\/svg\"><path d=\"M190.5 66.9l22.2-22.2c9.4-9.4 24.6-9.4 33.9 0L441 239c9.4 9.4 9.4 24.6 0 33.9L246.6 467.3c-9.4 9.4-24.6 9.4-33.9 0l-22.2-22.2c-9.5-9.5-9.3-25 .4-34.3L311.4 296H24c-13.3 0-24-10.7-24-24v-32c0-13.3 10.7-24 24-24h287.4L190.9 101.2c-9.8-9.3-10-24.8-.4-34.3z\"><\/path><\/svg>\t\t\t<\/span>\n\t\t\t\t\t\t\t\t\t<span class=\"elementor-button-text\">Antar\u00ebsohu<\/span>\n\t\t\t\t\t<\/span>\n\t\t\t\t\t<\/a>\n\t\t\t\t\t\t\t\t<\/div>\n\t\t\t\t<\/div>\n\t\t\t\t\t<\/div>\n\t\t\t\t<\/div>\n\t\t<div class=\"elementor-element elementor-element-f0a6318 elementor-hidden-desktop elementor-hidden-tablet elementor-hidden-mobile e-flex e-con-boxed e-con e-parent\" data-id=\"f0a6318\" data-element_type=\"container\" data-e-type=\"container\" data-settings=\"{&quot;background_background&quot;:&quot;classic&quot;}\">\n\t\t\t\t\t<div class=\"e-con-inner\">\n\t\t<div class=\"elementor-element elementor-element-b69b52e e-con-full e-flex e-con e-child\" data-id=\"b69b52e\" data-element_type=\"container\" data-e-type=\"container\">\n\t\t\t\t<\/div>\n\t\t<div class=\"elementor-element elementor-element-9ae26db e-con-full e-flex e-con e-child\" data-id=\"9ae26db\" data-element_type=\"container\" data-e-type=\"container\">\n\t\t\t\t<div class=\"elementor-element elementor-element-d42b11f elementor-widget-mobile__width-initial elementor-widget elementor-widget-heading\" data-id=\"d42b11f\" data-element_type=\"widget\" data-e-type=\"widget\" data-widget_type=\"heading.default\">\n\t\t\t\t\t<h2 class=\"elementor-heading-title elementor-size-default\">Welcome To The Place of Worship\n<\/h2>\t\t\t\t<\/div>\n\t\t\t\t<div class=\"elementor-element elementor-element-65ce6a5 elementor-widget elementor-widget-heading\" data-id=\"65ce6a5\" data-element_type=\"widget\" data-e-type=\"widget\" data-widget_type=\"heading.default\">\n\t\t\t\t\t<p class=\"elementor-heading-title elementor-size-default\">Lorem ipsum dolor sit amet, consectetur adipiscing elit. Integer nec odio. Praesent libero. Sed cursus ante dapibus diam. Sed nisi. Nulla quis sem at nibh elementum imperdiet. Duis sagittis ipsum. Praesent mauris. Fusce nec tellus sed.\n\n<\/p>\t\t\t\t<\/div>\n\t\t\t\t<div class=\"elementor-element elementor-element-e3f2f4a elementor-align-center elementor-widget elementor-widget-button\" data-id=\"e3f2f4a\" data-element_type=\"widget\" data-e-type=\"widget\" data-widget_type=\"button.default\">\n\t\t\t\t\t\t\t\t\t\t<a class=\"elementor-button elementor-button-link elementor-size-sm\" href=\"https:\/\/deeds.webinane.com\/about\/\">\n\t\t\t\t\t\t<span class=\"elementor-button-content-wrapper\">\n\t\t\t\t\t\t\t\t\t<span class=\"elementor-button-text\">Read More<\/span>\n\t\t\t\t\t<\/span>\n\t\t\t\t\t<\/a>\n\t\t\t\t\t\t\t\t<\/div>\n\t\t\t\t<\/div>\n\t\t\t\t\t<\/div>\n\t\t\t\t<\/div>\n\t\t\t\t<\/div>\n\t\t","protected":false},"excerpt":{"rendered":"<p>Albanian American Institute &#8211; Instituti Shqiptaro Amerikan \u200b Formimi i t\u00eb ardhmes s\u00eb atdheut dhe diaspor\u00ebs. Diskutime kulturore, t\u00eb avokimit, sociale dhe ekonomike, politike q\u00eb marrin pjes\u00eb n\u00eb konsultime publike dhe bashk\u00ebpunojn\u00eb me politik\u00ebb\u00ebr\u00ebsit p\u00ebr t\u00eb siguruar q\u00eb perspektiva shqiptare t\u00eb p\u00ebrfshihet n\u00eb vendimet q\u00eb ndikojn\u00eb n\u00eb komunitetet e atdheut dhe diaspor\u00ebs. Lajmet e Fundit [&hellip;]<\/p>\n","protected":false},"author":1,"featured_media":0,"parent":0,"menu_order":0,"comment_status":"closed","ping_status":"closed","template":"elementor_header_footer","meta":{"_acf_changed":false,"footnotes":""},"class_list":["post-27460","page","type-page","status-publish","hentry"],"acf":[],"yoast_head":"<!-- This site is optimized with the Yoast SEO plugin v27.3 - https:\/\/yoast.com\/product\/yoast-seo-wordpress\/ -->\n<title>Hyrje - AAI<\/title>\n<meta name=\"robots\" content=\"index, follow, max-snippet:-1, max-image-preview:large, max-video-preview:-1\" \/>\n<link rel=\"canonical\" href=\"https:\/\/albanian-american-institute.org\/sq\/hyrje\/\" \/>\n<meta property=\"og:locale\" content=\"sq_AL\" \/>\n<meta property=\"og:type\" content=\"article\" \/>\n<meta property=\"og:title\" content=\"Hyrje - AAI\" \/>\n<meta property=\"og:description\" content=\"Albanian American Institute &#8211; Instituti Shqiptaro Amerikan \u200b Formimi i t\u00eb ardhmes s\u00eb atdheut dhe diaspor\u00ebs. Diskutime kulturore, t\u00eb avokimit, sociale dhe ekonomike, politike q\u00eb marrin pjes\u00eb n\u00eb konsultime publike dhe bashk\u00ebpunojn\u00eb me politik\u00ebb\u00ebr\u00ebsit p\u00ebr t\u00eb siguruar q\u00eb perspektiva shqiptare t\u00eb p\u00ebrfshihet n\u00eb vendimet q\u00eb ndikojn\u00eb n\u00eb komunitetet e atdheut dhe diaspor\u00ebs. Lajmet e Fundit [&hellip;]\" \/>\n<meta property=\"og:url\" content=\"https:\/\/albanian-american-institute.org\/sq\/hyrje\/\" \/>\n<meta property=\"og:site_name\" content=\"AAI\" \/>\n<meta property=\"article:modified_time\" content=\"2026-03-08T15:00:46+00:00\" \/>\n<meta property=\"og:image\" content=\"https:\/\/albanian-american-institute.org\/wp-content\/uploads\/2019\/09\/logo-300x300.png\" \/>\n<meta name=\"twitter:card\" content=\"summary_large_image\" \/>\n<meta name=\"twitter:label1\" content=\"Est. reading time\" \/>\n\t<meta name=\"twitter:data1\" content=\"1 minut\u00eb\" \/>\n<script type=\"application\/ld+json\" class=\"yoast-schema-graph\">{\"@context\":\"https:\\\/\\\/schema.org\",\"@graph\":[{\"@type\":\"WebPage\",\"@id\":\"https:\\\/\\\/albanian-american-institute.org\\\/sq\\\/hyrje\\\/\",\"url\":\"https:\\\/\\\/albanian-american-institute.org\\\/sq\\\/hyrje\\\/\",\"name\":\"Hyrje - AAI\",\"isPartOf\":{\"@id\":\"https:\\\/\\\/albanian-american-institute.org\\\/sq\\\/#website\"},\"primaryImageOfPage\":{\"@id\":\"https:\\\/\\\/albanian-american-institute.org\\\/sq\\\/hyrje\\\/#primaryimage\"},\"image\":{\"@id\":\"https:\\\/\\\/albanian-american-institute.org\\\/sq\\\/hyrje\\\/#primaryimage\"},\"thumbnailUrl\":\"https:\\\/\\\/albanian-american-institute.org\\\/wp-content\\\/uploads\\\/2019\\\/09\\\/logo-300x300.png\",\"datePublished\":\"2026-03-08T12:15:44+00:00\",\"dateModified\":\"2026-03-08T15:00:46+00:00\",\"breadcrumb\":{\"@id\":\"https:\\\/\\\/albanian-american-institute.org\\\/sq\\\/hyrje\\\/#breadcrumb\"},\"inLanguage\":\"sq\",\"potentialAction\":[{\"@type\":\"ReadAction\",\"target\":[\"https:\\\/\\\/albanian-american-institute.org\\\/sq\\\/hyrje\\\/\"]}]},{\"@type\":\"ImageObject\",\"inLanguage\":\"sq\",\"@id\":\"https:\\\/\\\/albanian-american-institute.org\\\/sq\\\/hyrje\\\/#primaryimage\",\"url\":\"https:\\\/\\\/albanian-american-institute.org\\\/wp-content\\\/uploads\\\/2019\\\/09\\\/logo-300x300.png\",\"contentUrl\":\"https:\\\/\\\/albanian-american-institute.org\\\/wp-content\\\/uploads\\\/2019\\\/09\\\/logo-300x300.png\"},{\"@type\":\"BreadcrumbList\",\"@id\":\"https:\\\/\\\/albanian-american-institute.org\\\/sq\\\/hyrje\\\/#breadcrumb\",\"itemListElement\":[{\"@type\":\"ListItem\",\"position\":1,\"name\":\"Home\",\"item\":\"https:\\\/\\\/albanian-american-institute.org\\\/sq\\\/hyrje\\\/\"},{\"@type\":\"ListItem\",\"position\":2,\"name\":\"Home\"}]},{\"@type\":\"WebSite\",\"@id\":\"https:\\\/\\\/albanian-american-institute.org\\\/sq\\\/#website\",\"url\":\"https:\\\/\\\/albanian-american-institute.org\\\/sq\\\/\",\"name\":\"AAI\",\"description\":\"AAI\",\"publisher\":{\"@id\":\"https:\\\/\\\/albanian-american-institute.org\\\/sq\\\/#\\\/schema\\\/person\\\/e1b18022e4c5b3f6e5647c000ac7c566\"},\"potentialAction\":[{\"@type\":\"SearchAction\",\"target\":{\"@type\":\"EntryPoint\",\"urlTemplate\":\"https:\\\/\\\/albanian-american-institute.org\\\/sq\\\/?s={search_term_string}\"},\"query-input\":{\"@type\":\"PropertyValueSpecification\",\"valueRequired\":true,\"valueName\":\"search_term_string\"}}],\"inLanguage\":\"sq\"},{\"@type\":[\"Person\",\"Organization\"],\"@id\":\"https:\\\/\\\/albanian-american-institute.org\\\/sq\\\/#\\\/schema\\\/person\\\/e1b18022e4c5b3f6e5647c000ac7c566\",\"name\":\"admin-aai\",\"image\":{\"@type\":\"ImageObject\",\"inLanguage\":\"sq\",\"@id\":\"https:\\\/\\\/secure.gravatar.com\\\/avatar\\\/5034325f5f268436bdd3215b21588654a01c97d76f1a0899054bd98511fa1193?s=96&d=mm&r=g\",\"url\":\"https:\\\/\\\/secure.gravatar.com\\\/avatar\\\/5034325f5f268436bdd3215b21588654a01c97d76f1a0899054bd98511fa1193?s=96&d=mm&r=g\",\"contentUrl\":\"https:\\\/\\\/secure.gravatar.com\\\/avatar\\\/5034325f5f268436bdd3215b21588654a01c97d76f1a0899054bd98511fa1193?s=96&d=mm&r=g\",\"caption\":\"admin-aai\"},\"logo\":{\"@id\":\"https:\\\/\\\/secure.gravatar.com\\\/avatar\\\/5034325f5f268436bdd3215b21588654a01c97d76f1a0899054bd98511fa1193?s=96&d=mm&r=g\"},\"sameAs\":[\"https:\\\/\\\/albanian-american-institute.org\"]}]}<\/script>\n<!-- \/ Yoast SEO plugin. -->","yoast_head_json":{"title":"Hyrje - AAI","robots":{"index":"index","follow":"follow","max-snippet":"max-snippet:-1","max-image-preview":"max-image-preview:large","max-video-preview":"max-video-preview:-1"},"canonical":"https:\/\/albanian-american-institute.org\/sq\/hyrje\/","og_locale":"sq_AL","og_type":"article","og_title":"Hyrje - AAI","og_description":"Albanian American Institute &#8211; Instituti Shqiptaro Amerikan \u200b Formimi i t\u00eb ardhmes s\u00eb atdheut dhe diaspor\u00ebs. Diskutime kulturore, t\u00eb avokimit, sociale dhe ekonomike, politike q\u00eb marrin pjes\u00eb n\u00eb konsultime publike dhe bashk\u00ebpunojn\u00eb me politik\u00ebb\u00ebr\u00ebsit p\u00ebr t\u00eb siguruar q\u00eb perspektiva shqiptare t\u00eb p\u00ebrfshihet n\u00eb vendimet q\u00eb ndikojn\u00eb n\u00eb komunitetet e atdheut dhe diaspor\u00ebs. Lajmet e Fundit [&hellip;]","og_url":"https:\/\/albanian-american-institute.org\/sq\/hyrje\/","og_site_name":"AAI","article_modified_time":"2026-03-08T15:00:46+00:00","og_image":[{"url":"https:\/\/albanian-american-institute.org\/wp-content\/uploads\/2019\/09\/logo-300x300.png","type":"","width":"","height":""}],"twitter_card":"summary_large_image","twitter_misc":{"Est. reading time":"1 minut\u00eb"},"schema":{"@context":"https:\/\/schema.org","@graph":[{"@type":"WebPage","@id":"https:\/\/albanian-american-institute.org\/sq\/hyrje\/","url":"https:\/\/albanian-american-institute.org\/sq\/hyrje\/","name":"Hyrje - AAI","isPartOf":{"@id":"https:\/\/albanian-american-institute.org\/sq\/#website"},"primaryImageOfPage":{"@id":"https:\/\/albanian-american-institute.org\/sq\/hyrje\/#primaryimage"},"image":{"@id":"https:\/\/albanian-american-institute.org\/sq\/hyrje\/#primaryimage"},"thumbnailUrl":"https:\/\/albanian-american-institute.org\/wp-content\/uploads\/2019\/09\/logo-300x300.png","datePublished":"2026-03-08T12:15:44+00:00","dateModified":"2026-03-08T15:00:46+00:00","breadcrumb":{"@id":"https:\/\/albanian-american-institute.org\/sq\/hyrje\/#breadcrumb"},"inLanguage":"sq","potentialAction":[{"@type":"ReadAction","target":["https:\/\/albanian-american-institute.org\/sq\/hyrje\/"]}]},{"@type":"ImageObject","inLanguage":"sq","@id":"https:\/\/albanian-american-institute.org\/sq\/hyrje\/#primaryimage","url":"https:\/\/albanian-american-institute.org\/wp-content\/uploads\/2019\/09\/logo-300x300.png","contentUrl":"https:\/\/albanian-american-institute.org\/wp-content\/uploads\/2019\/09\/logo-300x300.png"},{"@type":"BreadcrumbList","@id":"https:\/\/albanian-american-institute.org\/sq\/hyrje\/#breadcrumb","itemListElement":[{"@type":"ListItem","position":1,"name":"Home","item":"https:\/\/albanian-american-institute.org\/sq\/hyrje\/"},{"@type":"ListItem","position":2,"name":"Home"}]},{"@type":"WebSite","@id":"https:\/\/albanian-american-institute.org\/sq\/#website","url":"https:\/\/albanian-american-institute.org\/sq\/","name":"AAI","description":"AAI","publisher":{"@id":"https:\/\/albanian-american-institute.org\/sq\/#\/schema\/person\/e1b18022e4c5b3f6e5647c000ac7c566"},"potentialAction":[{"@type":"SearchAction","target":{"@type":"EntryPoint","urlTemplate":"https:\/\/albanian-american-institute.org\/sq\/?s={search_term_string}"},"query-input":{"@type":"PropertyValueSpecification","valueRequired":true,"valueName":"search_term_string"}}],"inLanguage":"sq"},{"@type":["Person","Organization"],"@id":"https:\/\/albanian-american-institute.org\/sq\/#\/schema\/person\/e1b18022e4c5b3f6e5647c000ac7c566","name":"admin-aai","image":{"@type":"ImageObject","inLanguage":"sq","@id":"https:\/\/secure.gravatar.com\/avatar\/5034325f5f268436bdd3215b21588654a01c97d76f1a0899054bd98511fa1193?s=96&d=mm&r=g","url":"https:\/\/secure.gravatar.com\/avatar\/5034325f5f268436bdd3215b21588654a01c97d76f1a0899054bd98511fa1193?s=96&d=mm&r=g","contentUrl":"https:\/\/secure.gravatar.com\/avatar\/5034325f5f268436bdd3215b21588654a01c97d76f1a0899054bd98511fa1193?s=96&d=mm&r=g","caption":"admin-aai"},"logo":{"@id":"https:\/\/secure.gravatar.com\/avatar\/5034325f5f268436bdd3215b21588654a01c97d76f1a0899054bd98511fa1193?s=96&d=mm&r=g"},"sameAs":["https:\/\/albanian-american-institute.org"]}]}},"lang":"sq","translations":{"sq":27460,"en":26892},"_links":{"self":[{"href":"https:\/\/albanian-american-institute.org\/sq\/wp-json\/wp\/v2\/pages\/27460","targetHints":{"allow":["GET"]}}],"collection":[{"href":"https:\/\/albanian-american-institute.org\/sq\/wp-json\/wp\/v2\/pages"}],"about":[{"href":"https:\/\/albanian-american-institute.org\/sq\/wp-json\/wp\/v2\/types\/page"}],"author":[{"embeddable":true,"href":"https:\/\/albanian-american-institute.org\/sq\/wp-json\/wp\/v2\/users\/1"}],"replies":[{"embeddable":true,"href":"https:\/\/albanian-american-institute.org\/sq\/wp-json\/wp\/v2\/comments?post=27460"}],"version-history":[{"count":13,"href":"https:\/\/albanian-american-institute.org\/sq\/wp-json\/wp\/v2\/pages\/27460\/revisions"}],"predecessor-version":[{"id":27533,"href":"https:\/\/albanian-american-institute.org\/sq\/wp-json\/wp\/v2\/pages\/27460\/revisions\/27533"}],"wp:attachment":[{"href":"https:\/\/albanian-american-institute.org\/sq\/wp-json\/wp\/v2\/media?parent=27460"}],"curies":[{"name":"wp","href":"https:\/\/api.w.org\/{rel}","templated":true}]}}